{"id":358,"date":"2023-06-23T12:37:31","date_gmt":"2023-06-23T10:37:31","guid":{"rendered":"https:\/\/chezbecker.fr\/?page_id=358"},"modified":"2023-07-06T10:30:37","modified_gmt":"2023-07-06T08:30:37","slug":"mentions-legales","status":"publish","type":"page","link":"https:\/\/chezbecker.fr\/?page_id=358","title":{"rendered":"Mentions l\u00e9gales"},"content":{"rendered":"\n[et_pb_section fb_built=\u00a0\u00bb1&Prime; _builder_version=\u00a0\u00bb4.21.0&Prime; _module_preset=\u00a0\u00bbdefault\u00a0\u00bb custom_padding=\u00a0\u00bb2px|||||\u00a0\u00bb hover_enabled=\u00a0\u00bb0&Prime; global_colors_info=\u00a0\u00bb{}\u00a0\u00bb background_color=\u00a0\u00bbRGBA(255,255,255,0)\u00a0\u00bb sticky_enabled=\u00a0\u00bb0&Prime;][et_pb_row _builder_version=\u00a0\u00bb4.17.4&Prime; _module_preset=\u00a0\u00bbdefault\u00a0\u00bb global_colors_info=\u00a0\u00bb{}\u00a0\u00bb][et_pb_column type=\u00a0\u00bb4_4&Prime; _builder_version=\u00a0\u00bb4.17.4&Prime; _module_preset=\u00a0\u00bbdefault\u00a0\u00bb global_colors_info=\u00a0\u00bb{}\u00a0\u00bb][et_pb_text _builder_version=\u00a0\u00bb4.17.4&Prime; _module_preset=\u00a0\u00bbdefault\u00a0\u00bb text_font_size=\u00a0\u00bb16px\u00a0\u00bb global_colors_info=\u00a0\u00bb{}\u00a0\u00bb]<div id=\"comp-kfcnvie9\" class=\"_1Q9if _3bcaz\" data-testid=\"richTextElement\">\n<h2 class=\"font_2\" style=\"text-align: center;\"><strong>Mentions L\u00e9gales<\/strong><\/h2>\n<p><strong><\/strong><\/p>\n<p><strong><\/strong><\/p>\n<\/div>\n<div id=\"comp-kfcnw6v6\" class=\"_1Q9if _3bcaz\" data-testid=\"richTextElement\">\n<p class=\"font_7\" style=\"text-align: left;\"><span style=\"color: #000000;\"><strong>Raison sociale :<\/strong> Chez Becker<\/span><\/p>\n<p style=\"text-align: left;\"><span style=\"color: #000000;\"><strong>H\u00e9bergement :<\/strong> Le Site est h\u00e9berg\u00e9 sur les serveurs de Hostinger<\/span><\/p>\n<p style=\"text-align: left;\"><strong><span style=\"color: #000000;\">Le contenu \u00e9ditorial<\/span><\/strong><br \/><span style=\"color: #000000;\">Le Site propose un contenu \u00e9ditorial (guides, actualit\u00e9s) dans un seul but documentaire et \u00e0 titre indicatif. Ce contenu doit \u00eatre pris comme des \u00e9l\u00e9ments de r\u00e9flexion. Les Utilisateurs sont invit\u00e9s par l&rsquo;Editeur \u00e0 exploiter ces informations avec un esprit critique et discernement.<\/span><\/p>\n<p style=\"text-align: left;\"><strong><span style=\"color: #000000;\">Liens hypertextes vers des sites tiers<\/span><\/strong><br \/><span style=\"color: #000000;\">Le Site propose des liens hypertextes pointant vers des sites Internet \u00e9dit\u00e9s par des tiers. La mise en place de ces liens ne signifie pas l&rsquo;approbation par l&rsquo;\u00e9diteur du contenu des dits sites. L&rsquo;Editeur ne peut pas r\u00e9aliser en permanence un contr\u00f4le du contenu des dits sites, et ne peut donc garantir : l&rsquo;exactitude, la fiabilit\u00e9, la pertinence, la mise \u00e0 jour, ou l&rsquo;exhaustivit\u00e9 de leur contenu ; leur acc\u00e8s et bon fonctionnement technique. Par cons\u00e9quent, la responsabilit\u00e9 de l&rsquo;Editeur ne pourra \u00eatre retenue en cas d&rsquo;\u00e9ventuel litige entre un site r\u00e9f\u00e9renc\u00e9 sur le Site et un Utilisateur. Seule la responsabilit\u00e9 des \u00e9diteurs des sites r\u00e9f\u00e9renc\u00e9s sur le Site pourra \u00eatre engag\u00e9e.<\/span><\/p>\n<p style=\"text-align: left;\"><strong><span style=\"color: #000000;\">La protection de la vie priv\u00e9e et des donn\u00e9es personnelles<\/span><\/strong><br \/><span style=\"color: #000000;\">Le Site collecte les informations personnelles fournies par les Utilisateurs \u00e0 l&rsquo;occasion de leur visite sur le Site. Cette collecte permet : L&rsquo;\u00e9tablissement de statistiques g\u00e9n\u00e9rales sur le trafic sur le Site ; L&rsquo;envoi vers les adresses mails fournies par les Utilisateurs de r\u00e9ponses, d&rsquo;informations diverses ou annonces provenant de l&rsquo;Editeur. La collecte et le traitement des informations personnelles sur Internet doivent se faire dans le respect des droits fondamentaux des personnes. Par cons\u00e9quent, l&rsquo;Editeur s&rsquo;engage \u00e0 une politique de traitement en conformit\u00e9 avec la loi n\u00b02004-575 du 21 juin 2004 pour la confiance dans l&rsquo;\u00e9conomie num\u00e9rique.<\/span><br \/><span style=\"color: #000000;\">Tout utilisateur du Site dispose d&rsquo;un droit d&rsquo;acc\u00e8s, modification, de rectification ou de suppression aux donn\u00e9es personnelles le concernant. Il peut exercer ces droits en contactant l&rsquo;Editeur aux coordonn\u00e9es indiqu\u00e9es en haut de page. Pour faciliter l&rsquo;exercice de ces droits, les Utilisateurs du Site peuvent se d\u00e9sinscrire en cliquant sur les liens hypertextes de d\u00e9sinscription pr\u00e9sents sur les mails adress\u00e9s.<\/span><br \/><span style=\"color: #000000;\">Les ordinateurs se connectant aux serveurs du Site re\u00e7oivent sur leur disque dur un ou plusieurs fichiers au format texte tr\u00e8s l\u00e9gers appel\u00e9s commun\u00e9ment \u00a0\u00bb Cookies \u00ab\u00a0. Les cookies enregistrent des informations relatives \u00e0 la navigation sur le Site effectu\u00e9e \u00e0 partir de l&rsquo;ordinateur sur lequel est stock\u00e9 le \u00ab\u00a0cookie\u00a0\u00bb (les pages consult\u00e9es, la date et l&rsquo;heure de la consultation, etc.). Ils permettent d&rsquo;identifier les visites successives faites \u00e0 partir d&rsquo;un m\u00eame ordinateur. Les personnes connect\u00e9es au Site ont la libert\u00e9 de s&rsquo;opposer \u00e0 l&rsquo;enregistrement de \u00ab\u00a0cookies\u00a0\u00bb. Pour se faire, elles peuvent employer les fonctionnalit\u00e9s correspondantes sur leur navigateur.<\/span><br \/><span style=\"color: #000000;\">Cependant, l&rsquo;Editeur attire l&rsquo;attention des Utilisateurs que, dans un tel cas, l&rsquo;acc\u00e8s \u00e0 certains services du Site peut se r\u00e9v\u00e9ler alt\u00e9r\u00e9e, voire impossible.<\/span><\/p>\n<p style=\"text-align: left;\"><strong><span style=\"color: #000000;\">La s\u00e9curit\u00e9 des \u00e9changes<\/span><\/strong><br \/><span style=\"color: #000000;\">L&rsquo;Editeur s&rsquo;engage \u00e0 prendre toutes les mesures juridiques et techniques pour s\u00e9curiser les \u00e9changes. A ce titre, L&rsquo;Editeur s&rsquo;engage \u00e0 une obligation de moyen pour bloquer les d\u00e9tournements de donn\u00e9es, et \u00e0 respecter les r\u00e9glementations applicables. N\u00e9anmoins, les Utilisateurs du Site connaissent les particularit\u00e9s techniques du r\u00e9seau Internet et les risques aff\u00e9rents. Par cons\u00e9quent, L&rsquo;Editeur ne peut garantir \u00e0 ses Utilisateurs que les donn\u00e9es \u00e9chang\u00e9es via les services propos\u00e9s par le Site ne soient pas r\u00e9colt\u00e9es de fa\u00e7on frauduleuse par des tiers.<\/span><\/p>\n<p style=\"text-align: left;\"><strong><span style=\"color: #000000;\">Les droits de propri\u00e9t\u00e9 intellectuelle<\/span><\/strong><br \/><span style=\"color: #000000;\">L&rsquo;Editeur est titulaire de droits concernant certaines donn\u00e9es prot\u00e9g\u00e9es par le Code de la propri\u00e9t\u00e9 intellectuelle. Il en est notamment ainsi pour sa ou ses marques, sa charte graphique, sa base de donn\u00e9es. Par cons\u00e9quent, leur exploitation offline ou online, \u00e0 titre gratuit ou on\u00e9reux, de tout ou partie de ces donn\u00e9es sans le consentement expresse de l&rsquo;Editeur est interdite.<\/span><\/p>\n<p style=\"text-align: left;\"><strong><span style=\"color: #000000;\">La disponibilit\u00e9 des services<\/span><\/strong><br \/><span style=\"color: #000000;\">L&rsquo;Editeur dispose d&rsquo;une obligation de moyens en terme d&rsquo;accessibilit\u00e9 de service et met en place les structures n\u00e9cessaires pour rendre le Site accessible 7 jours sur 7 et 24 heures sur 24. N\u00e9anmoins, L&rsquo;Editeur peut suspendre l&rsquo;acc\u00e8s sans pr\u00e9avis, notamment pour des raisons de maintenance et de mises \u00e0 niveau. L&rsquo;Editeur n&rsquo;est en aucun cas responsable des \u00e9ventuels pr\u00e9judices qui peuvent en d\u00e9couler pour l&rsquo;Utilisateur ou tout tiers. L&rsquo;Editeur peut \u00e0 tout moment supprimer tout ou partie de ses Services ou en modifier leurs teneur notamment pour des raisons techniques, et cela sans pr\u00e9avis. L&rsquo;Editeur se r\u00e9serve la facult\u00e9 de refuser, unilat\u00e9ralement et sans notification pr\u00e9alable, \u00e0 tout Utilisateur l&rsquo;acc\u00e8s \u00e0 tout ou partie du Site. Une telle d\u00e9cision pourrait notamment \u00eatre prise en cas de non-respect des termes du pr\u00e9sent texte par un Utilisateur.<\/span><\/p>\n<p style=\"text-align: left;\"><strong><span style=\"color: #000000;\">Droit applicable<\/span><\/strong><br \/><span style=\"color: #000000;\">Le pr\u00e9sent texte est soumis au droit fran\u00e7ais. L&rsquo;Editeur se r\u00e9serve le droit d&rsquo;en amender \u00e0 tout moment les termes, conditions et mentions d&rsquo;avertissement.<\/span><\/p>\n<\/div>[\/et_pb_text][\/et_pb_column][\/et_pb_row][\/et_pb_section]\n","protected":false},"excerpt":{"rendered":"<p>Mentions L\u00e9gales Raison sociale : Chez Becker H\u00e9bergement : Le Site est h\u00e9berg\u00e9 sur les serveurs de Hostinger Le contenu \u00e9ditorialLe Site propose un contenu \u00e9ditorial (guides, actualit\u00e9s) dans un seul but documentaire et \u00e0 titre indicatif. Ce contenu doit \u00eatre pris comme des \u00e9l\u00e9ments de r\u00e9flexion. Les Utilisateurs sont invit\u00e9s par l&rsquo;Editeur \u00e0 exploiter ces informations avec un esprit critique et discernement. Liens hypertextes vers des sites tiersLe Site propose des liens hypertextes pointant vers des sites Internet \u00e9dit\u00e9s par des tiers. La mise en place de ces liens ne signifie pas l&rsquo;approbation par l&rsquo;\u00e9diteur du contenu des dits sites. L&rsquo;Editeur ne peut pas r\u00e9aliser en permanence un contr\u00f4le du contenu des dits sites, et ne peut donc garantir : l&rsquo;exactitude, la fiabilit\u00e9, la pertinence, la mise \u00e0 jour, ou l&rsquo;exhaustivit\u00e9 de leur contenu ; leur acc\u00e8s et bon fonctionnement technique. Par cons\u00e9quent, la responsabilit\u00e9 de l&rsquo;Editeur ne pourra \u00eatre retenue en cas d&rsquo;\u00e9ventuel litige entre un site r\u00e9f\u00e9renc\u00e9 sur le Site et un Utilisateur. Seule la responsabilit\u00e9 des \u00e9diteurs des sites r\u00e9f\u00e9renc\u00e9s sur le Site pourra \u00eatre engag\u00e9e. La protection de la vie priv\u00e9e et des donn\u00e9es personnellesLe Site collecte les informations personnelles fournies par les Utilisateurs \u00e0 [&hellip;]<\/p>\n","protected":false},"author":1,"featured_media":0,"parent":0,"menu_order":0,"comment_status":"closed","ping_status":"closed","template":"","meta":{"_et_pb_use_builder":"on","_et_pb_old_content":"","_et_gb_content_width":"","_monsterinsights_skip_tracking":false,"_monsterinsights_sitenote_active":false,"_monsterinsights_sitenote_note":"","_monsterinsights_sitenote_category":0,"footnotes":""},"class_list":["post-358","page","type-page","status-publish","hentry"],"yoast_head":"<!-- This site is optimized with the Yoast SEO plugin v27.3 - https:\/\/yoast.com\/product\/yoast-seo-wordpress\/ -->\n<title>Mentions l\u00e9gales - Chez Becker<\/title>\n<meta name=\"robots\" content=\"noindex, follow\" \/>\n<meta property=\"og:locale\" content=\"fr_FR\" \/>\n<meta property=\"og:type\" content=\"article\" \/>\n<meta property=\"og:title\" content=\"Mentions l\u00e9gales - Chez Becker\" \/>\n<meta property=\"og:description\" content=\"Mentions L\u00e9gales Raison sociale : Chez Becker H\u00e9bergement : Le Site est h\u00e9berg\u00e9 sur les serveurs de Hostinger Le contenu \u00e9ditorialLe Site propose un contenu \u00e9ditorial (guides, actualit\u00e9s) dans un seul but documentaire et \u00e0 titre indicatif. Ce contenu doit \u00eatre pris comme des \u00e9l\u00e9ments de r\u00e9flexion. Les Utilisateurs sont invit\u00e9s par l&#039;Editeur \u00e0 exploiter ces informations avec un esprit critique et discernement. Liens hypertextes vers des sites tiersLe Site propose des liens hypertextes pointant vers des sites Internet \u00e9dit\u00e9s par des tiers. La mise en place de ces liens ne signifie pas l&#039;approbation par l&#039;\u00e9diteur du contenu des dits sites. L&#039;Editeur ne peut pas r\u00e9aliser en permanence un contr\u00f4le du contenu des dits sites, et ne peut donc garantir : l&#039;exactitude, la fiabilit\u00e9, la pertinence, la mise \u00e0 jour, ou l&#039;exhaustivit\u00e9 de leur contenu ; leur acc\u00e8s et bon fonctionnement technique. Par cons\u00e9quent, la responsabilit\u00e9 de l&#039;Editeur ne pourra \u00eatre retenue en cas d&#039;\u00e9ventuel litige entre un site r\u00e9f\u00e9renc\u00e9 sur le Site et un Utilisateur. Seule la responsabilit\u00e9 des \u00e9diteurs des sites r\u00e9f\u00e9renc\u00e9s sur le Site pourra \u00eatre engag\u00e9e. La protection de la vie priv\u00e9e et des donn\u00e9es personnellesLe Site collecte les informations personnelles fournies par les Utilisateurs \u00e0 [&hellip;]\" \/>\n<meta property=\"og:url\" content=\"https:\/\/chezbecker.fr\/?page_id=358\" \/>\n<meta property=\"og:site_name\" content=\"Chez Becker\" \/>\n<meta property=\"article:publisher\" content=\"https:\/\/www.facebook.com\/profile.php?id=100088389103671\" \/>\n<meta property=\"article:modified_time\" content=\"2023-07-06T08:30:37+00:00\" \/>\n<meta name=\"twitter:card\" content=\"summary_large_image\" \/>\n<meta name=\"twitter:label1\" content=\"Dur\u00e9e de lecture estim\u00e9e\" \/>\n\t<meta name=\"twitter:data1\" content=\"5 minutes\" \/>\n<script type=\"application\/ld+json\" class=\"yoast-schema-graph\">{\"@context\":\"https:\\\/\\\/schema.org\",\"@graph\":[{\"@type\":\"WebPage\",\"@id\":\"https:\\\/\\\/chezbecker.fr\\\/?page_id=358\",\"url\":\"https:\\\/\\\/chezbecker.fr\\\/?page_id=358\",\"name\":\"Mentions l\u00e9gales - Chez Becker\",\"isPartOf\":{\"@id\":\"https:\\\/\\\/chezbecker.fr\\\/#website\"},\"datePublished\":\"2023-06-23T10:37:31+00:00\",\"dateModified\":\"2023-07-06T08:30:37+00:00\",\"breadcrumb\":{\"@id\":\"https:\\\/\\\/chezbecker.fr\\\/?page_id=358#breadcrumb\"},\"inLanguage\":\"fr-FR\",\"potentialAction\":[{\"@type\":\"ReadAction\",\"target\":[\"https:\\\/\\\/chezbecker.fr\\\/?page_id=358\"]}]},{\"@type\":\"BreadcrumbList\",\"@id\":\"https:\\\/\\\/chezbecker.fr\\\/?page_id=358#breadcrumb\",\"itemListElement\":[{\"@type\":\"ListItem\",\"position\":1,\"name\":\"Accueil\",\"item\":\"https:\\\/\\\/chezbecker.fr\\\/\"},{\"@type\":\"ListItem\",\"position\":2,\"name\":\"Mentions l\u00e9gales\"}]},{\"@type\":\"WebSite\",\"@id\":\"https:\\\/\\\/chezbecker.fr\\\/#website\",\"url\":\"https:\\\/\\\/chezbecker.fr\\\/\",\"name\":\"Chez Becker\",\"description\":\"Lambesc\",\"publisher\":{\"@id\":\"https:\\\/\\\/chezbecker.fr\\\/#organization\"},\"potentialAction\":[{\"@type\":\"SearchAction\",\"target\":{\"@type\":\"EntryPoint\",\"urlTemplate\":\"https:\\\/\\\/chezbecker.fr\\\/?s={search_term_string}\"},\"query-input\":{\"@type\":\"PropertyValueSpecification\",\"valueRequired\":true,\"valueName\":\"search_term_string\"}}],\"inLanguage\":\"fr-FR\"},{\"@type\":\"Organization\",\"@id\":\"https:\\\/\\\/chezbecker.fr\\\/#organization\",\"name\":\"Chez Becker\",\"url\":\"https:\\\/\\\/chezbecker.fr\\\/\",\"logo\":{\"@type\":\"ImageObject\",\"inLanguage\":\"fr-FR\",\"@id\":\"https:\\\/\\\/chezbecker.fr\\\/#\\\/schema\\\/logo\\\/image\\\/\",\"url\":\"http:\\\/\\\/chezbecker.fr\\\/wp-content\\\/uploads\\\/2023\\\/06\\\/Chez-Becker-logo-3.png\",\"contentUrl\":\"http:\\\/\\\/chezbecker.fr\\\/wp-content\\\/uploads\\\/2023\\\/06\\\/Chez-Becker-logo-3.png\",\"width\":1024,\"height\":1024,\"caption\":\"Chez Becker\"},\"image\":{\"@id\":\"https:\\\/\\\/chezbecker.fr\\\/#\\\/schema\\\/logo\\\/image\\\/\"},\"sameAs\":[\"https:\\\/\\\/www.facebook.com\\\/profile.php?id=100088389103671\",\"https:\\\/\\\/www.instagram.com\\\/chezbecker\\\/\"]}]}<\/script>\n<!-- \/ Yoast SEO plugin. -->","yoast_head_json":{"title":"Mentions l\u00e9gales - Chez Becker","robots":{"index":"noindex","follow":"follow"},"og_locale":"fr_FR","og_type":"article","og_title":"Mentions l\u00e9gales - Chez Becker","og_description":"Mentions L\u00e9gales Raison sociale : Chez Becker H\u00e9bergement : Le Site est h\u00e9berg\u00e9 sur les serveurs de Hostinger Le contenu \u00e9ditorialLe Site propose un contenu \u00e9ditorial (guides, actualit\u00e9s) dans un seul but documentaire et \u00e0 titre indicatif. Ce contenu doit \u00eatre pris comme des \u00e9l\u00e9ments de r\u00e9flexion. Les Utilisateurs sont invit\u00e9s par l'Editeur \u00e0 exploiter ces informations avec un esprit critique et discernement. Liens hypertextes vers des sites tiersLe Site propose des liens hypertextes pointant vers des sites Internet \u00e9dit\u00e9s par des tiers. La mise en place de ces liens ne signifie pas l'approbation par l'\u00e9diteur du contenu des dits sites. L'Editeur ne peut pas r\u00e9aliser en permanence un contr\u00f4le du contenu des dits sites, et ne peut donc garantir : l'exactitude, la fiabilit\u00e9, la pertinence, la mise \u00e0 jour, ou l'exhaustivit\u00e9 de leur contenu ; leur acc\u00e8s et bon fonctionnement technique. Par cons\u00e9quent, la responsabilit\u00e9 de l'Editeur ne pourra \u00eatre retenue en cas d'\u00e9ventuel litige entre un site r\u00e9f\u00e9renc\u00e9 sur le Site et un Utilisateur. Seule la responsabilit\u00e9 des \u00e9diteurs des sites r\u00e9f\u00e9renc\u00e9s sur le Site pourra \u00eatre engag\u00e9e. La protection de la vie priv\u00e9e et des donn\u00e9es personnellesLe Site collecte les informations personnelles fournies par les Utilisateurs \u00e0 [&hellip;]","og_url":"https:\/\/chezbecker.fr\/?page_id=358","og_site_name":"Chez Becker","article_publisher":"https:\/\/www.facebook.com\/profile.php?id=100088389103671","article_modified_time":"2023-07-06T08:30:37+00:00","twitter_card":"summary_large_image","twitter_misc":{"Dur\u00e9e de lecture estim\u00e9e":"5 minutes"},"schema":{"@context":"https:\/\/schema.org","@graph":[{"@type":"WebPage","@id":"https:\/\/chezbecker.fr\/?page_id=358","url":"https:\/\/chezbecker.fr\/?page_id=358","name":"Mentions l\u00e9gales - Chez Becker","isPartOf":{"@id":"https:\/\/chezbecker.fr\/#website"},"datePublished":"2023-06-23T10:37:31+00:00","dateModified":"2023-07-06T08:30:37+00:00","breadcrumb":{"@id":"https:\/\/chezbecker.fr\/?page_id=358#breadcrumb"},"inLanguage":"fr-FR","potentialAction":[{"@type":"ReadAction","target":["https:\/\/chezbecker.fr\/?page_id=358"]}]},{"@type":"BreadcrumbList","@id":"https:\/\/chezbecker.fr\/?page_id=358#breadcrumb","itemListElement":[{"@type":"ListItem","position":1,"name":"Accueil","item":"https:\/\/chezbecker.fr\/"},{"@type":"ListItem","position":2,"name":"Mentions l\u00e9gales"}]},{"@type":"WebSite","@id":"https:\/\/chezbecker.fr\/#website","url":"https:\/\/chezbecker.fr\/","name":"Chez Becker","description":"Lambesc","publisher":{"@id":"https:\/\/chezbecker.fr\/#organization"},"potentialAction":[{"@type":"SearchAction","target":{"@type":"EntryPoint","urlTemplate":"https:\/\/chezbecker.fr\/?s={search_term_string}"},"query-input":{"@type":"PropertyValueSpecification","valueRequired":true,"valueName":"search_term_string"}}],"inLanguage":"fr-FR"},{"@type":"Organization","@id":"https:\/\/chezbecker.fr\/#organization","name":"Chez Becker","url":"https:\/\/chezbecker.fr\/","logo":{"@type":"ImageObject","inLanguage":"fr-FR","@id":"https:\/\/chezbecker.fr\/#\/schema\/logo\/image\/","url":"http:\/\/chezbecker.fr\/wp-content\/uploads\/2023\/06\/Chez-Becker-logo-3.png","contentUrl":"http:\/\/chezbecker.fr\/wp-content\/uploads\/2023\/06\/Chez-Becker-logo-3.png","width":1024,"height":1024,"caption":"Chez Becker"},"image":{"@id":"https:\/\/chezbecker.fr\/#\/schema\/logo\/image\/"},"sameAs":["https:\/\/www.facebook.com\/profile.php?id=100088389103671","https:\/\/www.instagram.com\/chezbecker\/"]}]}},"_links":{"self":[{"href":"https:\/\/chezbecker.fr\/index.php?rest_route=\/wp\/v2\/pages\/358","targetHints":{"allow":["GET"]}}],"collection":[{"href":"https:\/\/chezbecker.fr\/index.php?rest_route=\/wp\/v2\/pages"}],"about":[{"href":"https:\/\/chezbecker.fr\/index.php?rest_route=\/wp\/v2\/types\/page"}],"author":[{"embeddable":true,"href":"https:\/\/chezbecker.fr\/index.php?rest_route=\/wp\/v2\/users\/1"}],"replies":[{"embeddable":true,"href":"https:\/\/chezbecker.fr\/index.php?rest_route=%2Fwp%2Fv2%2Fcomments&post=358"}],"version-history":[{"count":4,"href":"https:\/\/chezbecker.fr\/index.php?rest_route=\/wp\/v2\/pages\/358\/revisions"}],"predecessor-version":[{"id":396,"href":"https:\/\/chezbecker.fr\/index.php?rest_route=\/wp\/v2\/pages\/358\/revisions\/396"}],"wp:attachment":[{"href":"https:\/\/chezbecker.fr\/index.php?rest_route=%2Fwp%2Fv2%2Fmedia&parent=358"}],"curies":[{"name":"wp","href":"https:\/\/api.w.org\/{rel}","templated":true}]}}